{"id":968,"date":"2022-07-04T10:35:29","date_gmt":"2022-07-04T08:35:29","guid":{"rendered":"https:\/\/websitebijmeceda.nl\/ollestee\/?page_id=968"},"modified":"2026-03-19T08:47:28","modified_gmt":"2026-03-19T07:47:28","slug":"mittagessen","status":"publish","type":"page","link":"https:\/\/ollestee.nl\/de\/lunch\/","title":{"rendered":"Mittagessen in Zuidlaren"},"content":{"rendered":"<div data-elementor-type=\"wp-page\" data-elementor-id=\"968\" class=\"elementor elementor-968\" data-elementor-post-type=\"page\">\n\t\t\t\t<div class=\"elementor-element elementor-element-3b6bc04 e-flex e-con-boxed e-con e-parent\" data-id=\"3b6bc04\" data-element_type=\"container\" data-e-type=\"container\">\n\t\t\t\t\t<div class=\"e-con-inner\">\n\t\t<div class=\"elementor-element elementor-element-66176a3 e-con-full e-flex e-con e-child\" data-id=\"66176a3\" data-element_type=\"container\" data-e-type=\"container\">\n\t\t<div class=\"elementor-element elementor-element-c82f258 e-con-full e-flex e-con e-child\" data-id=\"c82f258\" data-element_type=\"container\" data-e-type=\"container\" data-settings=\"{&quot;background_background&quot;:&quot;classic&quot;}\">\n\t\t\t\t<div class=\"elementor-element elementor-element-e310ccf elementor-widget elementor-widget-heading\" data-id=\"e310ccf\" data-element_type=\"widget\" data-e-type=\"widget\" data-widget_type=\"heading.default\">\n\t\t\t\t\t<h2 class=\"elementor-heading-title elementor-size-default\">Frisches und lokales Mittagessen in Zuidlaren<\/h2>\t\t\t\t<\/div>\n\t\t\t\t<div class=\"elementor-element elementor-element-af0c1aa elementor-widget elementor-widget-text-editor\" data-id=\"af0c1aa\" data-element_type=\"widget\" data-e-type=\"widget\" data-widget_type=\"text-editor.default\">\n\t\t\t\t\t\t\t\t\t<p>Von Dienstag bis Sonntag k\u00f6nnen Sie ab 11:30 Uhr ein leckeres Mittagessen bei uns in Zuidlaren genie\u00dfen. Alle unsere Mittagsgerichte werden frisch zubereitet, und wo es m\u00f6glich ist, stellen wir unsere So\u00dfen und Aufstriche selbst her. Das Brot, das wir zum Mittagessen servieren, kommt buchst\u00e4blich aus der B\u00e4ckerei um die Ecke. Die B\u00e4ckerei Hovius backt jeden Tag unser Mittagsbrot und wir arbeiten auch mit Zutaten von De Zuivelhoeve in Zuidlaren und Keurslager Vries. Frisches und lokales Mittagessen ist der Standard bei <a href=\"https:\/\/ollestee.nl\/de\/\">Olle Stee<\/a>.<\/p>\t\t\t\t\t\t\t\t<\/div>\n\t\t\t\t<\/div>\n\t\t<div class=\"elementor-element elementor-element-281a2d4 e-con-full e-flex e-con e-child\" data-id=\"281a2d4\" data-element_type=\"container\" data-e-type=\"container\">\n\t\t\t\t<div class=\"elementor-element elementor-element-bfe84cd elementor-widget elementor-widget-image\" data-id=\"bfe84cd\" data-element_type=\"widget\" data-e-type=\"widget\" data-widget_type=\"image.default\">\n\t\t\t\t\t\t\t\t\t\t\t\t\t\t\t<img fetchpriority=\"high\" decoding=\"async\" width=\"2000\" height=\"1231\" src=\"https:\/\/ollestee.nl\/wp-content\/uploads\/2022\/07\/healthy-lunch-menu.jpg\" class=\"attachment-full size-full wp-image-1244\" alt=\"Gesundes Mittagsmen\u00fc\" srcset=\"https:\/\/ollestee.nl\/wp-content\/uploads\/2022\/07\/healthy-lunch-menu.jpg 2000w, https:\/\/ollestee.nl\/wp-content\/uploads\/2022\/07\/healthy-lunch-menu-300x185.jpg 300w, https:\/\/ollestee.nl\/wp-content\/uploads\/2022\/07\/healthy-lunch-menu-1024x630.jpg 1024w, https:\/\/ollestee.nl\/wp-content\/uploads\/2022\/07\/healthy-lunch-menu-768x473.jpg 768w, https:\/\/ollestee.nl\/wp-content\/uploads\/2022\/07\/healthy-lunch-menu-1536x945.jpg 1536w\" sizes=\"(max-width: 2000px) 100vw, 2000px\" title=\"\">\t\t\t\t\t\t\t\t\t\t\t\t\t\t\t<\/div>\n\t\t\t\t<\/div>\n\t\t<div class=\"elementor-element elementor-element-b0c6c8c e-con-full e-flex e-con e-child\" data-id=\"b0c6c8c\" data-element_type=\"container\" data-e-type=\"container\">\n\t\t\t\t<div class=\"elementor-element elementor-element-e832784 elementor-widget elementor-widget-image\" data-id=\"e832784\" data-element_type=\"widget\" data-e-type=\"widget\" data-widget_type=\"image.default\">\n\t\t\t\t\t\t\t\t\t\t\t\t\t\t\t<img decoding=\"async\" width=\"1000\" height=\"1000\" src=\"https:\/\/ollestee.nl\/wp-content\/uploads\/2022\/07\/Lunchen-op-het-terras-.jpg\" class=\"attachment-full size-full wp-image-1528\" alt=\"Mittagessen auf der Terrasse\" srcset=\"https:\/\/ollestee.nl\/wp-content\/uploads\/2022\/07\/Lunchen-op-het-terras-.jpg 1000w, https:\/\/ollestee.nl\/wp-content\/uploads\/2022\/07\/Lunchen-op-het-terras--300x300.jpg 300w, https:\/\/ollestee.nl\/wp-content\/uploads\/2022\/07\/Lunchen-op-het-terras--150x150.jpg 150w, https:\/\/ollestee.nl\/wp-content\/uploads\/2022\/07\/Lunchen-op-het-terras--768x768.jpg 768w\" sizes=\"(max-width: 1000px) 100vw, 1000px\" title=\"\">\t\t\t\t\t\t\t\t\t\t\t\t\t\t\t<\/div>\n\t\t\t\t<\/div>\n\t\t<div class=\"elementor-element elementor-element-582ac83 e-con-full e-flex e-con e-child\" data-id=\"582ac83\" data-element_type=\"container\" data-e-type=\"container\" data-settings=\"{&quot;background_background&quot;:&quot;classic&quot;}\">\n\t\t\t\t<div class=\"elementor-element elementor-element-8e1402c elementor-widget elementor-widget-heading\" data-id=\"8e1402c\" data-element_type=\"widget\" data-e-type=\"widget\" data-widget_type=\"heading.default\">\n\t\t\t\t\t<h2 class=\"elementor-heading-title elementor-size-default\">Mittagessen f\u00fcr alle<\/h2>\t\t\t\t<\/div>\n\t\t\t\t<div class=\"elementor-element elementor-element-96e73f3 elementor-widget elementor-widget-text-editor\" data-id=\"96e73f3\" data-element_type=\"widget\" data-e-type=\"widget\" data-widget_type=\"text-editor.default\">\n\t\t\t\t\t\t\t\t\tSowohl f\u00fcr Liebhaber traditioneller Mittagsgerichte als auch f\u00fcr abenteuerlustige Esser haben wir eine gro\u00dfe Auswahl auf unserer Mittagskarte. Entscheiden Sie sich f\u00fcr einen immer leckeren Bouncer oder haben Sie eher Lust auf ein rustikales Br\u00f6tchen mit hausgemachtem Pulled Pork? Entscheiden Sie sich f\u00fcr den reichhaltig gef\u00fcllten Wrap mit Lachs oder den leichteren Ziegenk\u00e4sesalat? Wir haben eine gro\u00dfe Auswahl f\u00fcr gro\u00dfe und kleine Esser, und auch f\u00fcr Vegetarier ist etwas dabei. Kurzum, auf unserer Mittagskarte ist f\u00fcr jeden etwas dabei, also kommen Sie vorbei!\t\t\t\t\t\t\t\t<\/div>\n\t\t\t\t<\/div>\n\t\t\t\t<\/div>\n\t\t\t\t\t<\/div>\n\t\t\t\t<\/div>\n\t\t<div class=\"elementor-element elementor-element-aeb1199 e-flex e-con-boxed e-con e-parent\" data-id=\"aeb1199\" data-element_type=\"container\" data-e-type=\"container\" data-settings=\"{&quot;background_background&quot;:&quot;classic&quot;}\">\n\t\t\t\t\t<div class=\"e-con-inner\">\n\t\t<div class=\"elementor-element elementor-element-bce5414 e-con-full e-flex e-con e-child\" data-id=\"bce5414\" data-element_type=\"container\" data-e-type=\"container\" data-settings=\"{&quot;background_background&quot;:&quot;classic&quot;}\">\n\t\t\t\t<div class=\"elementor-element elementor-element-0b5dbdf elementor-widget elementor-widget-heading\" data-id=\"0b5dbdf\" data-element_type=\"widget\" data-e-type=\"widget\" data-widget_type=\"heading.default\">\n\t\t\t\t\t<h2 class=\"elementor-heading-title elementor-size-default\">Mittagessen im Zentrum von Zuidlaren<\/h2>\t\t\t\t<\/div>\n\t\t\t\t<div class=\"elementor-element elementor-element-2b1c47b elementor-widget elementor-widget-text-editor\" data-id=\"2b1c47b\" data-element_type=\"widget\" data-e-type=\"widget\" data-widget_type=\"text-editor.default\">\n\t\t\t\t\t\t\t\t\t<p>Olle Stee hat eine reiche Geschichte und befindet sich in einem Geb\u00e4ude im Zentrum von Zuidlaren, aus dem die Geschichte entspringt. Der Grote Brink ist der zentrale Punkt in Zuidlaren. Der Anziehungspunkt f\u00fcr Einwohner und Touristen gleicherma\u00dfen. Hier ist immer etwas los, egal ob es eine Veranstaltung gibt oder nicht. Bei Veranstaltungen ist Olle Stee der 'place to be'. Dank der sch\u00f6nen Aussicht auf den Brink und der gem\u00fctlichen Atmosph\u00e4re kommen Menschen von nah und fern zum Mittagessen in unser Restaurant.<\/p>\t\t\t\t\t\t\t\t<\/div>\n\t\t\t\t<div class=\"elementor-element elementor-element-99c086f elementor-widget elementor-widget-button\" data-id=\"99c086f\" data-element_type=\"widget\" data-e-type=\"widget\" data-widget_type=\"button.default\">\n\t\t\t\t\t\t\t\t\t\t<a class=\"elementor-button elementor-button-link elementor-size-sm\" href=\"https:\/\/ollestee.nl\/de\/aktivitaten-in-zuidlaren\/\">\n\t\t\t\t\t\t<span class=\"elementor-button-content-wrapper\">\n\t\t\t\t\t\t\t\t\t<span class=\"elementor-button-text\">Aktivit\u00e4ten in Zuidlaren anzeigen  <\/span>\n\t\t\t\t\t<\/span>\n\t\t\t\t\t<\/a>\n\t\t\t\t\t\t\t\t<\/div>\n\t\t\t\t<\/div>\n\t\t<div class=\"elementor-element elementor-element-8a52053 e-con-full e-flex e-con e-child\" data-id=\"8a52053\" data-element_type=\"container\" data-e-type=\"container\" data-settings=\"{&quot;background_background&quot;:&quot;classic&quot;}\">\n\t\t\t\t<div class=\"elementor-element elementor-element-ec724bf elementor-widget elementor-widget-heading\" data-id=\"ec724bf\" data-element_type=\"widget\" data-e-type=\"widget\" data-widget_type=\"heading.default\">\n\t\t\t\t\t<h2 class=\"elementor-heading-title elementor-size-default\">Mittagessen auf der Terrasse<\/h2>\t\t\t\t<\/div>\n\t\t\t\t<div class=\"elementor-element elementor-element-f41a970 elementor-widget elementor-widget-text-editor\" data-id=\"f41a970\" data-element_type=\"widget\" data-e-type=\"widget\" data-widget_type=\"text-editor.default\">\n\t\t\t\t\t\t\t\t\tBei Olle Stee sind wir stolz auf unsere Terrasse, und das zu Recht! Sie k\u00f6nnen das ganze Jahr \u00fcber auf unserer Terrasse sitzen. Im Sommer k\u00f6nnen Sie hier die W\u00e4rme der Sonnenstrahlen genie\u00dfen. In der k\u00e4lteren Jahreszeit ist die Terrasse \u00fcberdacht und mit Heizk\u00f6rpern beheizt. So k\u00f6nnen Sie die Atmosph\u00e4re auf der Terrasse mit sch\u00f6ner Aussicht zu jeder Jahreszeit genie\u00dfen.\t\t\t\t\t\t\t\t<\/div>\n\t\t\t\t<\/div>\n\t\t\t\t\t<\/div>\n\t\t\t\t<\/div>\n\t\t<div class=\"elementor-element elementor-element-1d09575 e-flex e-con-boxed e-con e-parent\" data-id=\"1d09575\" data-element_type=\"container\" data-e-type=\"container\">\n\t\t\t\t\t<div class=\"e-con-inner\">\n\t\t\t\t<div class=\"elementor-element elementor-element-d74165b elementor-widget__width-inherit elementor-widget elementor-widget-heading\" data-id=\"d74165b\" data-element_type=\"widget\" data-e-type=\"widget\" data-widget_type=\"heading.default\">\n\t\t\t\t\t<h2 class=\"elementor-heading-title elementor-size-default\">Essen und Trinken in Zuidlaren<\/h2>\t\t\t\t<\/div>\n\t\t\t\t<div class=\"elementor-element elementor-element-03f6695 elementor-widget__width-inherit elementor-widget elementor-widget-text-editor\" data-id=\"03f6695\" data-element_type=\"widget\" data-e-type=\"widget\" data-widget_type=\"text-editor.default\">\n\t\t\t\t\t\t\t\t\t<p>Ob Sie auf eine Tasse Kaffee oder ein Familienessen kommen, bei Olle Stee sind Sie den ganzen Tag \u00fcber in unserem Restaurant und auf der Terrasse willkommen.<\/p>\t\t\t\t\t\t\t\t<\/div>\n\t\t\t\t<div class=\"elementor-element elementor-element-b0dab33 elementor-cta--skin-cover elementor-cta--valign-bottom elementor-widget__width-initial elementor-widget-tablet__width-inherit elementor-animated-content elementor-widget elementor-widget-call-to-action\" data-id=\"b0dab33\" data-element_type=\"widget\" data-e-type=\"widget\" data-widget_type=\"call-to-action.default\">\n\t\t\t\t\t\t\t<a class=\"elementor-cta\" href=\"https:\/\/ollestee.nl\/de\/kaffee\/\" title=\"Gehen Sie zur Seite &quot;Kaffee&quot;.\">\n\t\t\t\t\t<div class=\"elementor-cta__bg-wrapper\">\n\t\t\t\t<div class=\"elementor-cta__bg elementor-bg\" style=\"background-image: url(https:\/\/ollestee.nl\/wp-content\/uploads\/2022\/07\/Koffie.jpg);\" role=\"img\" aria-label=\"Kaffee - Olle Stee\"><\/div>\n\t\t\t\t<div class=\"elementor-cta__bg-overlay\"><\/div>\n\t\t\t<\/div>\n\t\t\t\t\t\t\t<div class=\"elementor-cta__content\">\n\t\t\t\t\n\t\t\t\t\t\t\t\t\t<h3 class=\"elementor-cta__title elementor-cta__content-item elementor-content-item elementor-animated-item--move-up\">\n\t\t\t\t\t\tKaffee\t\t\t\t\t<\/h3>\n\t\t\t\t\n\t\t\t\t\t\t\t\t\t<div class=\"elementor-cta__description elementor-cta__content-item elementor-content-item elementor-animated-item--move-up\">\n\t\t\t\t\t\tGenie\u00dfen Sie eine wohlverdiente Rad- oder Wanderpause? Bei Olle Stee k\u00f6nnen Sie eine leckere Tasse Kaffee mit handwerklich hergestelltem Geb\u00e4ck genie\u00dfen.  \t\t\t\t\t<\/div>\n\t\t\t\t\n\t\t\t\t\t\t\t<\/div>\n\t\t\t\t\t\t<\/a>\n\t\t\t\t\t\t<\/div>\n\t\t\t\t<div class=\"elementor-element elementor-element-ff4ff0d elementor-cta--skin-cover elementor-cta--valign-bottom elementor-widget__width-initial elementor-widget-tablet__width-inherit elementor-animated-content elementor-widget elementor-widget-call-to-action\" data-id=\"ff4ff0d\" data-element_type=\"widget\" data-e-type=\"widget\" data-widget_type=\"call-to-action.default\">\n\t\t\t\t\t\t\t<a class=\"elementor-cta\" href=\"https:\/\/ollestee.nl\/de\/abendessen\/\" title=\"Zur Seite &quot;Abendessen&quot; gehen\">\n\t\t\t\t\t<div class=\"elementor-cta__bg-wrapper\">\n\t\t\t\t<div class=\"elementor-cta__bg elementor-bg\" style=\"background-image: url(https:\/\/ollestee.nl\/wp-content\/uploads\/2022\/05\/Diner-bij-het-Olle-Stee.jpg);\" role=\"img\" aria-label=\"Abendessen in der Olle Stee\"><\/div>\n\t\t\t\t<div class=\"elementor-cta__bg-overlay\"><\/div>\n\t\t\t<\/div>\n\t\t\t\t\t\t\t<div class=\"elementor-cta__content\">\n\t\t\t\t\n\t\t\t\t\t\t\t\t\t<h3 class=\"elementor-cta__title elementor-cta__content-item elementor-content-item elementor-animated-item--move-up\">\n\t\t\t\t\t\tAbendessen\t\t\t\t\t<\/h3>\n\t\t\t\t\n\t\t\t\t\t\t\t\t\t<div class=\"elementor-cta__description elementor-cta__content-item elementor-content-item elementor-animated-item--move-up\">\n\t\t\t\t\t\tBezahlbares und gutes Essen? Das k\u00f6nnen Sie bei Olle Stee. Wir haben eine gro\u00dfe Auswahl und alles wird frisch zubereitet.\t\t\t\t\t<\/div>\n\t\t\t\t\n\t\t\t\t\t\t\t<\/div>\n\t\t\t\t\t\t<\/a>\n\t\t\t\t\t\t<\/div>\n\t\t\t\t<div class=\"elementor-element elementor-element-c2d0cba elementor-cta--skin-cover elementor-cta--valign-bottom elementor-widget__width-initial elementor-widget-tablet__width-inherit elementor-animated-content elementor-widget elementor-widget-call-to-action\" data-id=\"c2d0cba\" data-element_type=\"widget\" data-e-type=\"widget\" data-widget_type=\"call-to-action.default\">\n\t\t\t\t\t\t\t<a class=\"elementor-cta\" href=\"https:\/\/ollestee.nl\/de\/getranke\/\" title=\"Zur Seite &quot;Getr\u00e4nke&quot; gehen\">\n\t\t\t\t\t<div class=\"elementor-cta__bg-wrapper\">\n\t\t\t\t<div class=\"elementor-cta__bg elementor-bg\" style=\"background-image: url(https:\/\/ollestee.nl\/wp-content\/uploads\/2022\/05\/Borrel-bij-de-olle-stee.jpg);\" role=\"img\" aria-label=\"Drinks in der Olle Stee\"><\/div>\n\t\t\t\t<div class=\"elementor-cta__bg-overlay\"><\/div>\n\t\t\t<\/div>\n\t\t\t\t\t\t\t<div class=\"elementor-cta__content\">\n\t\t\t\t\n\t\t\t\t\t\t\t\t\t<h3 class=\"elementor-cta__title elementor-cta__content-item elementor-content-item elementor-animated-item--move-up\">\n\t\t\t\t\t\tGetr\u00e4nke\t\t\t\t\t<\/h3>\n\t\t\t\t\n\t\t\t\t\t\t\t\t\t<div class=\"elementor-cta__description elementor-cta__content-item elementor-content-item elementor-animated-item--move-up\">\n\t\t\t\t\t\tGenie\u00dfen Sie einen Drink mit Freunden, Kollegen oder einem Date? Dann kommen Sie in unser stimmungsvolles Lokal im Zentrum von Zuidlaren. \t\t\t\t\t<\/div>\n\t\t\t\t\n\t\t\t\t\t\t\t<\/div>\n\t\t\t\t\t\t<\/a>\n\t\t\t\t\t\t<\/div>\n\t\t\t\t\t<\/div>\n\t\t\t\t<\/div>\n\t\t\t\t<\/div>","protected":false},"excerpt":{"rendered":"<p>Ob Sie mit Freunden oder der Familie ausgiebig zu Mittag essen wollen oder einfach nur ein gutes Sandwich f\u00fcr zwischendurch suchen. Olle Stee ist die Adresse f\u00fcr Ihr Mittagessen in Zuidlaren. Bei Olle Stee k\u00f6nnen Sie ein leckeres Mittagessen in unserem stimmungsvollen Lokal genie\u00dfen. Oder nehmen Sie auf unserer Terrasse im Zentrum von Zuidlaren Platz und blicken Sie \u00fcber den belebten Brink. Essen Sie zu Mittag im Olle Stee in Zuidlaren!<\/p>","protected":false},"author":2,"featured_media":1252,"parent":0,"menu_order":0,"comment_status":"closed","ping_status":"closed","template":"","meta":{"footnotes":""},"class_list":["post-968","page","type-page","status-publish","has-post-thumbnail","hentry"],"_links":{"self":[{"href":"https:\/\/ollestee.nl\/de\/wp-json\/wp\/v2\/pages\/968","targetHints":{"allow":["GET"]}}],"collection":[{"href":"https:\/\/ollestee.nl\/de\/wp-json\/wp\/v2\/pages"}],"about":[{"href":"https:\/\/ollestee.nl\/de\/wp-json\/wp\/v2\/types\/page"}],"author":[{"embeddable":true,"href":"https:\/\/ollestee.nl\/de\/wp-json\/wp\/v2\/users\/2"}],"replies":[{"embeddable":true,"href":"https:\/\/ollestee.nl\/de\/wp-json\/wp\/v2\/comments?post=968"}],"version-history":[{"count":25,"href":"https:\/\/ollestee.nl\/de\/wp-json\/wp\/v2\/pages\/968\/revisions"}],"predecessor-version":[{"id":3815,"href":"https:\/\/ollestee.nl\/de\/wp-json\/wp\/v2\/pages\/968\/revisions\/3815"}],"wp:featuredmedia":[{"embeddable":true,"href":"https:\/\/ollestee.nl\/de\/wp-json\/wp\/v2\/media\/1252"}],"wp:attachment":[{"href":"https:\/\/ollestee.nl\/de\/wp-json\/wp\/v2\/media?parent=968"}],"curies":[{"name":"wp","href":"https:\/\/api.w.org\/{rel}","templated":true}]}}