{"id":863,"date":"2022-06-14T14:13:47","date_gmt":"2022-06-14T12:13:47","guid":{"rendered":"https:\/\/websitebijmeceda.nl\/ollestee\/?page_id=863"},"modified":"2026-03-19T08:35:41","modified_gmt":"2026-03-19T07:35:41","slug":"kaffee","status":"publish","type":"page","link":"https:\/\/ollestee.nl\/de\/koffie\/","title":{"rendered":"Kaffee in Zuidlaren"},"content":{"rendered":"<div data-elementor-type=\"wp-page\" data-elementor-id=\"863\" class=\"elementor elementor-863\" data-elementor-post-type=\"page\">\n\t\t\t\t<div class=\"elementor-element elementor-element-b0517fb e-flex e-con-boxed e-con e-parent\" data-id=\"b0517fb\" data-element_type=\"container\" data-e-type=\"container\">\n\t\t\t\t\t<div class=\"e-con-inner\">\n\t\t\t\t<div class=\"elementor-element elementor-element-2657b17 elementor-widget elementor-widget-heading\" data-id=\"2657b17\" data-element_type=\"widget\" data-e-type=\"widget\" data-widget_type=\"heading.default\">\n\t\t\t\t\t<h2 class=\"elementor-heading-title elementor-size-default\">Kaffeebar Zuidlaren<\/h2>\t\t\t\t<\/div>\n\t\t\t\t<div class=\"elementor-element elementor-element-c8d5ed2 elementor-widget elementor-widget-text-editor\" data-id=\"c8d5ed2\" data-element_type=\"widget\" data-e-type=\"widget\" data-widget_type=\"text-editor.default\">\n\t\t\t\t\t\t\t\t\t<p>Von Dienstag bis Sonntag ab 10:00 Uhr k\u00f6nnen Sie bei Olle Stee eine k\u00f6stliche Tasse Kaffee oder Tee mit einem St\u00fcck handwerklich hergestelltem Geb\u00e4ck genie\u00dfen. Das Geb\u00e4ck ist aus dem handwerklichen <span style=\"text-decoration: underline;\"><a href=\"https:\/\/www.banketbakkerijhovius.nl\/pg-28734-7-117161\/pagina\/home.html\" target=\"_blank\" rel=\"noopener\">Zuckerb\u00e4cker Hovius<\/a><\/span> in Zuidlaren. Man schmeckt die Liebe und Leidenschaft, mit der das Geb\u00e4ck jeden Tag frisch zubereitet wird. F\u00fcr Kaffee in Zuidlaren, gehen Sie zu Olle Stee.\u00a0<\/p>\t\t\t\t\t\t\t\t<\/div>\n\t\t<div class=\"elementor-element elementor-element-e0a7148 e-con-full e-flex e-con e-child\" data-id=\"e0a7148\" data-element_type=\"container\" data-e-type=\"container\">\n\t\t<div class=\"elementor-element elementor-element-814f872 e-con-full e-flex e-con e-child\" data-id=\"814f872\" data-element_type=\"container\" data-e-type=\"container\" data-settings=\"{&quot;background_background&quot;:&quot;classic&quot;}\">\n\t\t\t\t<div class=\"elementor-element elementor-element-36a8672 elementor-widget elementor-widget-heading\" data-id=\"36a8672\" data-element_type=\"widget\" data-e-type=\"widget\" data-widget_type=\"heading.default\">\n\t\t\t\t\t<h2 class=\"elementor-heading-title elementor-size-default\">Das Ambiente der Kaffeebar<\/h2>\t\t\t\t<\/div>\n\t\t\t\t<div class=\"elementor-element elementor-element-5e13899 elementor-widget elementor-widget-text-editor\" data-id=\"5e13899\" data-element_type=\"widget\" data-e-type=\"widget\" data-widget_type=\"text-editor.default\">\n\t\t\t\t\t\t\t\t\tLust auf Kaffee in Zuidlaren? Dann kommen Sie zu Olle Stee. Unsere Kaffeebar ist bekannt f\u00fcr ihr historisches Geb\u00e4ude, die gem\u00fctliche Atmosph\u00e4re, die sonnige Terrasse und die ideale Lage im Zentrum von Zuidlaren. Egal, ob Sie allein oder mit einer Gruppe von Freunden eine Tasse Kaffee genie\u00dfen, bei Olle Stee sind Sie nie allein.\t\t\t\t\t\t\t\t<\/div>\n\t\t\t\t<\/div>\n\t\t<div class=\"elementor-element elementor-element-0fb7d81 e-con-full e-flex e-con e-child\" data-id=\"0fb7d81\" data-element_type=\"container\" data-e-type=\"container\">\n\t\t\t\t<div class=\"elementor-element elementor-element-0ec9cfc elementor-widget elementor-widget-image\" data-id=\"0ec9cfc\" data-element_type=\"widget\" data-e-type=\"widget\" data-widget_type=\"image.default\">\n\t\t\t\t\t\t\t\t\t\t\t\t\t\t\t<img fetchpriority=\"high\" decoding=\"async\" width=\"2560\" height=\"1690\" src=\"https:\/\/ollestee.nl\/wp-content\/uploads\/2025\/01\/terrassen-bij-ollestee-scaled.jpg\" class=\"attachment-full size-full wp-image-3211\" alt=\"Eine Terrasse in Drenthe genie\u00dfen\" srcset=\"https:\/\/ollestee.nl\/wp-content\/uploads\/2025\/01\/terrassen-bij-ollestee-scaled.jpg 2560w, https:\/\/ollestee.nl\/wp-content\/uploads\/2025\/01\/terrassen-bij-ollestee-300x198.jpg 300w, https:\/\/ollestee.nl\/wp-content\/uploads\/2025\/01\/terrassen-bij-ollestee-1024x676.jpg 1024w, https:\/\/ollestee.nl\/wp-content\/uploads\/2025\/01\/terrassen-bij-ollestee-768x507.jpg 768w, https:\/\/ollestee.nl\/wp-content\/uploads\/2025\/01\/terrassen-bij-ollestee-1536x1014.jpg 1536w, https:\/\/ollestee.nl\/wp-content\/uploads\/2025\/01\/terrassen-bij-ollestee-2048x1352.jpg 2048w\" sizes=\"(max-width: 2560px) 100vw, 2560px\" title=\"\">\t\t\t\t\t\t\t\t\t\t\t\t\t\t\t<\/div>\n\t\t\t\t<\/div>\n\t\t<div class=\"elementor-element elementor-element-79f9cf0 e-con-full e-flex e-con e-child\" data-id=\"79f9cf0\" data-element_type=\"container\" data-e-type=\"container\">\n\t\t\t\t<div class=\"elementor-element elementor-element-6ac2f7f elementor-widget elementor-widget-image\" data-id=\"6ac2f7f\" data-element_type=\"widget\" data-e-type=\"widget\" data-widget_type=\"image.default\">\n\t\t\t\t\t\t\t\t\t\t\t\t\t\t\t<img decoding=\"async\" width=\"1000\" height=\"1000\" src=\"https:\/\/ollestee.nl\/wp-content\/uploads\/2022\/07\/Koffiebar-Zuidlaren.jpg\" class=\"attachment-full size-full wp-image-1524\" alt=\"Kaffee in Zuidlaren\" srcset=\"https:\/\/ollestee.nl\/wp-content\/uploads\/2022\/07\/Koffiebar-Zuidlaren.jpg 1000w, https:\/\/ollestee.nl\/wp-content\/uploads\/2022\/07\/Koffiebar-Zuidlaren-300x300.jpg 300w, https:\/\/ollestee.nl\/wp-content\/uploads\/2022\/07\/Koffiebar-Zuidlaren-150x150.jpg 150w, https:\/\/ollestee.nl\/wp-content\/uploads\/2022\/07\/Koffiebar-Zuidlaren-768x768.jpg 768w\" sizes=\"(max-width: 1000px) 100vw, 1000px\" title=\"\">\t\t\t\t\t\t\t\t\t\t\t\t\t\t\t<\/div>\n\t\t\t\t<\/div>\n\t\t<div class=\"elementor-element elementor-element-682588e e-con-full e-flex e-con e-child\" data-id=\"682588e\" data-element_type=\"container\" data-e-type=\"container\" data-settings=\"{&quot;background_background&quot;:&quot;classic&quot;}\">\n\t\t\t\t<div class=\"elementor-element elementor-element-0e4a081 elementor-widget elementor-widget-heading\" data-id=\"0e4a081\" data-element_type=\"widget\" data-e-type=\"widget\" data-widget_type=\"heading.default\">\n\t\t\t\t\t<h2 class=\"elementor-heading-title elementor-size-default\">Kaffee f\u00fcr alle<\/h2>\t\t\t\t<\/div>\n\t\t\t\t<div class=\"elementor-element elementor-element-8f7b4e6 elementor-widget elementor-widget-text-editor\" data-id=\"8f7b4e6\" data-element_type=\"widget\" data-e-type=\"widget\" data-widget_type=\"text-editor.default\">\n\t\t\t\t\t\t\t\t\tUnsere Kaffees k\u00f6nnen auch mit Hafer-, Mandel- oder Sojamilch zubereitet werden. So kann jeder unseren k\u00f6stlichen Kaffee genie\u00dfen, auch wenn Sie eine Laktoseintoleranz haben. Hafer- und Sojamilch haben einen besonderen Geschmack und verleihen Ihrem Cappuccino, Latte Macchiato oder Milchkaffee eine neue Dimension. Auch bei Laktoseintoleranz einen Versuch wert!\t\t\t\t\t\t\t\t<\/div>\n\t\t\t\t<\/div>\n\t\t\t\t<\/div>\n\t\t<div class=\"elementor-element elementor-element-ceee759 e-con-full e-flex e-con e-child\" data-id=\"ceee759\" data-element_type=\"container\" data-e-type=\"container\">\n\t\t<div class=\"elementor-element elementor-element-77ea21c e-con-full e-flex e-con e-child\" data-id=\"77ea21c\" data-element_type=\"container\" data-e-type=\"container\" data-settings=\"{&quot;background_background&quot;:&quot;classic&quot;}\">\n\t\t\t\t<div class=\"elementor-element elementor-element-5d3ed57 elementor-widget elementor-widget-heading\" data-id=\"5d3ed57\" data-element_type=\"widget\" data-e-type=\"widget\" data-widget_type=\"heading.default\">\n\t\t\t\t\t<h2 class=\"elementor-heading-title elementor-size-default\">Biologischer und bewusster Kaffee <\/h2>\t\t\t\t<\/div>\n\t\t\t\t<div class=\"elementor-element elementor-element-a6a56d8 elementor-widget elementor-widget-text-editor\" data-id=\"a6a56d8\" data-element_type=\"widget\" data-e-type=\"widget\" data-widget_type=\"text-editor.default\">\n\t\t\t\t\t\t\t\t\tBei Olle Stee servieren wir Kaffee von Organico. Dieser \"im Schatten gewachsene\" Kaffee ist bekannt f\u00fcr seinen samtig weichen Geschmack und ist 100% Bio. Shade Grown\" bedeutet, dass die Kaffeestr\u00e4ucher zwischen B\u00e4umen wachsen und somit vor Sonne, Wind und Frost gesch\u00fctzt sind.  \nBeim Anbau dieser Kaffeebohnen werden keine chemischen Pestizide verwendet, und das k\u00f6nnen Sie schmecken!\t\t\t\t\t\t\t\t<\/div>\n\t\t\t\t<\/div>\n\t\t<div class=\"elementor-element elementor-element-a8cfe83 e-con-full e-flex e-con e-child\" data-id=\"a8cfe83\" data-element_type=\"container\" data-e-type=\"container\" data-settings=\"{&quot;background_background&quot;:&quot;classic&quot;}\">\n\t\t\t\t<div class=\"elementor-element elementor-element-77402ee elementor-widget elementor-widget-heading\" data-id=\"77402ee\" data-element_type=\"widget\" data-e-type=\"widget\" data-widget_type=\"heading.default\">\n\t\t\t\t\t<h2 class=\"elementor-heading-title elementor-size-default\">Speziell f\u00fcr Teeliebhaber<\/h2>\t\t\t\t<\/div>\n\t\t\t\t<div class=\"elementor-element elementor-element-d1a881f elementor-widget elementor-widget-text-editor\" data-id=\"d1a881f\" data-element_type=\"widget\" data-e-type=\"widget\" data-widget_type=\"text-editor.default\">\n\t\t\t\t\t\t\t\t\t<p>Sie bevorzugen keinen Kaffee? Dann haben wir neben frischem Minz- und Ingwertee auch sechs weitere lose Teesorten der verantwortungsvollen Teemarke Urban Tea Gardens im Angebot:<\/p><ul><li>Gr\u00fcner Tee Gunpowder<\/li><li>Early Grey Blue Blossom<\/li><li>Rooibos W\u00fcrzige Kirsche<\/li><li>Zitronengras-Ingwer<\/li><li>Waldfr\u00fcchte<\/li><li>Zitrone<\/li><\/ul>\t\t\t\t\t\t\t\t<\/div>\n\t\t\t\t<\/div>\n\t\t\t\t<\/div>\n\t\t\t\t\t<\/div>\n\t\t\t\t<\/div>\n\t\t<div class=\"elementor-element elementor-element-3e38042 e-flex e-con-boxed e-con e-parent\" data-id=\"3e38042\" data-element_type=\"container\" data-e-type=\"container\" data-settings=\"{&quot;background_background&quot;:&quot;classic&quot;}\">\n\t\t\t\t\t<div class=\"e-con-inner\">\n\t\t\t\t<div class=\"elementor-element elementor-element-a906271 elementor-widget elementor-widget-heading\" data-id=\"a906271\" data-element_type=\"widget\" data-e-type=\"widget\" data-widget_type=\"heading.default\">\n\t\t\t\t\t<h2 class=\"elementor-heading-title elementor-size-default\">Zuidlaren, die Attraktion von Drenthe<\/h2>\t\t\t\t<\/div>\n\t\t\t\t<div class=\"elementor-element elementor-element-aa4554d elementor-widget elementor-widget-text-editor\" data-id=\"aa4554d\" data-element_type=\"widget\" data-e-type=\"widget\" data-widget_type=\"text-editor.default\">\n\t\t\t\t\t\t\t\t\t<p>Auf und um den Brink in Zuidlaren finden das ganze Jahr \u00fcber verschiedene Veranstaltungen statt, wie beispielsweise der ber\u00fchmte Zuidlaardermarkt. Aber auch wenn gerade keine Veranstaltungen stattfinden, ist der Brink eine lebhafte Attraktion im Drenthe Dorf.<br \/>Wussten Sie, dass die Pieterpad-Route durch Zuidlaren f\u00fchrt? Verbinden Sie eine Wanderung auf dem Pieterpad mit einer Tasse Kaffee in unserem Restaurant.<\/p>\t\t\t\t\t\t\t\t<\/div>\n\t\t\t\t<div class=\"elementor-element elementor-element-baf0f33 elementor-align-center elementor-widget elementor-widget-button\" data-id=\"baf0f33\" data-element_type=\"widget\" data-e-type=\"widget\" data-widget_type=\"button.default\">\n\t\t\t\t\t\t\t\t\t\t<a class=\"elementor-button elementor-button-link elementor-size-sm\" href=\"https:\/\/ollestee.nl\/de\/aktivitaten-in-zuidlaren\/\" title=\"Gehen Sie zur Seite &quot;Aktivit\u00e4ten in Zuidlaren&quot;.\">\n\t\t\t\t\t\t<span class=\"elementor-button-content-wrapper\">\n\t\t\t\t\t\t\t\t\t<span class=\"elementor-button-text\">Aktivit\u00e4ten in Zuidlaren anzeigen <\/span>\n\t\t\t\t\t<\/span>\n\t\t\t\t\t<\/a>\n\t\t\t\t\t\t\t\t<\/div>\n\t\t\t\t\t<\/div>\n\t\t\t\t<\/div>\n\t\t<div class=\"elementor-element elementor-element-23fd3ce e-flex e-con-boxed e-con e-parent\" data-id=\"23fd3ce\" data-element_type=\"container\" data-e-type=\"container\">\n\t\t\t\t\t<div class=\"e-con-inner\">\n\t\t<div class=\"elementor-element elementor-element-025a3b8 e-con-full e-flex e-con e-child\" data-id=\"025a3b8\" data-element_type=\"container\" data-e-type=\"container\" data-settings=\"{&quot;background_background&quot;:&quot;classic&quot;}\">\n\t\t\t\t<div class=\"elementor-element elementor-element-9c4c877 elementor-widget elementor-widget-heading\" data-id=\"9c4c877\" data-element_type=\"widget\" data-e-type=\"widget\" data-widget_type=\"heading.default\">\n\t\t\t\t\t<h2 class=\"elementor-heading-title elementor-size-default\">Kaffee auf unserer Sonnenterrasse<\/h2>\t\t\t\t<\/div>\n\t\t\t\t<div class=\"elementor-element elementor-element-3973a74 elementor-widget elementor-widget-text-editor\" data-id=\"3973a74\" data-element_type=\"widget\" data-e-type=\"widget\" data-widget_type=\"text-editor.default\">\n\t\t\t\t\t\t\t\t\tDie Terrasse von Olle Stee ist unser ganzer Stolz. Ob es nun sonnig ist, regnet oder schneit, bei uns ist immer Terrassenwetter. Im Winter ist unsere Terrasse \u00fcberdacht und mit Heizk\u00f6rpern beheizt. So k\u00f6nnen Sie immer die sch\u00f6nste Terrasse in Zuidlaren genie\u00dfen.\t\t\t\t\t\t\t\t<\/div>\n\t\t\t\t<div class=\"elementor-element elementor-element-1bc7eaf elementor-align-left elementor-widget elementor-widget-button\" data-id=\"1bc7eaf\" data-element_type=\"widget\" data-e-type=\"widget\" data-widget_type=\"button.default\">\n\t\t\t\t\t\t\t\t\t\t<a class=\"elementor-button elementor-button-link elementor-size-sm\" href=\"https:\/\/ollestee.nl\/de\/restaurant\/\" title=\"Gehen Sie zur Seite &quot;Restaurant&quot;.\">\n\t\t\t\t\t\t<span class=\"elementor-button-content-wrapper\">\n\t\t\t\t\t\t\t\t\t<span class=\"elementor-button-text\">Mehr \u00fcber unser Restaurant<\/span>\n\t\t\t\t\t<\/span>\n\t\t\t\t\t<\/a>\n\t\t\t\t\t\t\t\t<\/div>\n\t\t\t\t<\/div>\n\t\t\t\t<div class=\"elementor-element elementor-element-f03953f elementor-widget__width-initial elementor-widget-tablet__width-inherit elementor-widget elementor-widget-image\" data-id=\"f03953f\" data-element_type=\"widget\" data-e-type=\"widget\" data-widget_type=\"image.default\">\n\t\t\t\t\t\t\t\t\t\t\t\t\t\t\t<img decoding=\"async\" width=\"1920\" height=\"1235\" src=\"https:\/\/ollestee.nl\/wp-content\/uploads\/2022\/07\/Terras-Olle-Stee-Zuidlaren.jpg\" class=\"attachment-full size-full wp-image-3101\" alt=\"Terrace Olle Stee Zuidlaren\" srcset=\"https:\/\/ollestee.nl\/wp-content\/uploads\/2022\/07\/Terras-Olle-Stee-Zuidlaren.jpg 1920w, https:\/\/ollestee.nl\/wp-content\/uploads\/2022\/07\/Terras-Olle-Stee-Zuidlaren-300x193.jpg 300w, https:\/\/ollestee.nl\/wp-content\/uploads\/2022\/07\/Terras-Olle-Stee-Zuidlaren-1024x659.jpg 1024w, https:\/\/ollestee.nl\/wp-content\/uploads\/2022\/07\/Terras-Olle-Stee-Zuidlaren-768x494.jpg 768w, https:\/\/ollestee.nl\/wp-content\/uploads\/2022\/07\/Terras-Olle-Stee-Zuidlaren-1536x988.jpg 1536w\" sizes=\"(max-width: 1920px) 100vw, 1920px\" title=\"\">\t\t\t\t\t\t\t\t\t\t\t\t\t\t\t<\/div>\n\t\t\t\t\t<\/div>\n\t\t\t\t<\/div>\n\t\t<div class=\"elementor-element elementor-element-08ddc57 e-flex e-con-boxed e-con e-parent\" data-id=\"08ddc57\" data-element_type=\"container\" data-e-type=\"container\">\n\t\t\t\t\t<div class=\"e-con-inner\">\n\t\t\t\t<div class=\"elementor-element elementor-element-67e80e3 elementor-widget__width-initial elementor-widget-tablet__width-inherit elementor-widget elementor-widget-image\" data-id=\"67e80e3\" data-element_type=\"widget\" data-e-type=\"widget\" data-widget_type=\"image.default\">\n\t\t\t\t\t\t\t\t\t\t\t\t\t\t\t<img loading=\"lazy\" decoding=\"async\" width=\"1400\" height=\"933\" src=\"https:\/\/ollestee.nl\/wp-content\/uploads\/2022\/07\/Koffie.jpg\" class=\"attachment-full size-full wp-image-1051\" alt=\"Kaffee - Olle Stee\" srcset=\"https:\/\/ollestee.nl\/wp-content\/uploads\/2022\/07\/Koffie.jpg 1400w, https:\/\/ollestee.nl\/wp-content\/uploads\/2022\/07\/Koffie-300x200.jpg 300w, https:\/\/ollestee.nl\/wp-content\/uploads\/2022\/07\/Koffie-1024x682.jpg 1024w, https:\/\/ollestee.nl\/wp-content\/uploads\/2022\/07\/Koffie-768x512.jpg 768w\" sizes=\"(max-width: 1400px) 100vw, 1400px\" title=\"\">\t\t\t\t\t\t\t\t\t\t\t\t\t\t\t<\/div>\n\t\t<div class=\"elementor-element elementor-element-36189f3 e-con-full e-flex e-con e-child\" data-id=\"36189f3\" data-element_type=\"container\" data-e-type=\"container\" data-settings=\"{&quot;background_background&quot;:&quot;classic&quot;}\">\n\t\t\t\t<div class=\"elementor-element elementor-element-2361b41 elementor-widget elementor-widget-heading\" data-id=\"2361b41\" data-element_type=\"widget\" data-e-type=\"widget\" data-widget_type=\"heading.default\">\n\t\t\t\t\t<h2 class=\"elementor-heading-title elementor-size-default\">Zusammenarbeit mit der Patisserie Hovius<\/h2>\t\t\t\t<\/div>\n\t\t\t\t<div class=\"elementor-element elementor-element-a032210 elementor-widget elementor-widget-text-editor\" data-id=\"a032210\" data-element_type=\"widget\" data-e-type=\"widget\" data-widget_type=\"text-editor.default\">\n\t\t\t\t\t\t\t\t\t<p>Besuchen Sie Olle Stee auf eine k\u00f6stliche Tasse Kaffee oder Tee. Bei uns geht es nicht nur um das Getr\u00e4nk, sondern auch um das Erlebnis. Genie\u00dfen Sie das exklusive Geb\u00e4ck von <a title=\"Link zur Website der Patisserie Hovius\" href=\"https:\/\/www.banketbakkerijhovius.nl\/pg-28734-7-117161\/pagina\/home.html\" target=\"_blank\" rel=\"noopener\">Konditorei Hovius<\/a>wie den luxuri\u00f6sen Apfelkuchen, den cremigen Monchou und die knusprigen Haselnussstangen. Au\u00dferdem \u00fcberraschen wir Sie mit dem Geb\u00e4ck des Augenblicks, immer passend zur Jahreszeit.<\/p><p>Zu jedem Kaffee oder Tee servieren wir eine s\u00fc\u00dfe Leckerei: die echten Drentse keitjes.<\/p>\t\t\t\t\t\t\t\t<\/div>\n\t\t\t\t<\/div>\n\t\t\t\t\t<\/div>\n\t\t\t\t<\/div>\n\t\t<div class=\"elementor-element elementor-element-5ff7632 e-flex e-con-boxed e-con e-parent\" data-id=\"5ff7632\" data-element_type=\"container\" data-e-type=\"container\">\n\t\t\t\t\t<div class=\"e-con-inner\">\n\t\t\t\t<div class=\"elementor-element elementor-element-68989f2 elementor-widget__width-inherit elementor-widget-divider--view-line elementor-widget elementor-widget-divider\" data-id=\"68989f2\" data-element_type=\"widget\" data-e-type=\"widget\" data-widget_type=\"divider.default\">\n\t\t\t\t\t\t\t<div class=\"elementor-divider\">\n\t\t\t<span class=\"elementor-divider-separator\">\n\t\t\t\t\t\t<\/span>\n\t\t<\/div>\n\t\t\t\t\t\t<\/div>\n\t\t\t\t<div class=\"elementor-element elementor-element-a2ed963 elementor-widget__width-inherit elementor-widget elementor-widget-heading\" data-id=\"a2ed963\" data-element_type=\"widget\" data-e-type=\"widget\" data-widget_type=\"heading.default\">\n\t\t\t\t\t<h2 class=\"elementor-heading-title elementor-size-default\">Essen und Trinken in Zuidlaren<\/h2>\t\t\t\t<\/div>\n\t\t\t\t<div class=\"elementor-element elementor-element-d1bd1a6 elementor-widget__width-inherit elementor-widget elementor-widget-text-editor\" data-id=\"d1bd1a6\" data-element_type=\"widget\" data-e-type=\"widget\" data-widget_type=\"text-editor.default\">\n\t\t\t\t\t\t\t\t\t<p>Egal, ob Sie eine Tasse Kaffee trinken oder essen gehen wollen, bei Olle Stee ist alles m\u00f6glich.<\/p>\t\t\t\t\t\t\t\t<\/div>\n\t\t\t\t<div class=\"elementor-element elementor-element-3e8f5a3 elementor-cta--skin-cover elementor-cta--valign-bottom elementor-widget__width-initial elementor-widget-tablet__width-inherit elementor-animated-content elementor-widget elementor-widget-call-to-action\" data-id=\"3e8f5a3\" data-element_type=\"widget\" data-e-type=\"widget\" data-widget_type=\"call-to-action.default\">\n\t\t\t\t\t\t\t<a class=\"elementor-cta\" href=\"https:\/\/ollestee.nl\/de\/mittagessen\/\" title=\"Zur Seite &quot;Mittagessen&quot; gehen\">\n\t\t\t\t\t<div class=\"elementor-cta__bg-wrapper\">\n\t\t\t\t<div class=\"elementor-cta__bg elementor-bg\" style=\"background-image: url(https:\/\/ollestee.nl\/wp-content\/uploads\/2022\/05\/Lunch-bij-de-olle-stee.jpg);\" role=\"img\" aria-label=\"Mittagessen bei Olle Stee\"><\/div>\n\t\t\t\t<div class=\"elementor-cta__bg-overlay\"><\/div>\n\t\t\t<\/div>\n\t\t\t\t\t\t\t<div class=\"elementor-cta__content\">\n\t\t\t\t\n\t\t\t\t\t\t\t\t\t<h3 class=\"elementor-cta__title elementor-cta__content-item elementor-content-item elementor-animated-item--move-up\">\n\t\t\t\t\t\tMittagessen\t\t\t\t\t<\/h3>\n\t\t\t\t\n\t\t\t\t\t\t\t\t\t<div class=\"elementor-cta__description elementor-cta__content-item elementor-content-item elementor-animated-item--move-up\">\n\t\t\t\t\t\tF\u00fcr ein \u00fcppiges Mittagessen mit Freunden, Familie oder Kollegen ist das Olle Stee der richtige Ort.  \t\t\t\t\t<\/div>\n\t\t\t\t\n\t\t\t\t\t\t\t<\/div>\n\t\t\t\t\t\t<\/a>\n\t\t\t\t\t\t<\/div>\n\t\t\t\t<div class=\"elementor-element elementor-element-cd52d00 elementor-cta--skin-cover elementor-cta--valign-bottom elementor-widget__width-initial elementor-widget-tablet__width-inherit elementor-animated-content elementor-widget elementor-widget-call-to-action\" data-id=\"cd52d00\" data-element_type=\"widget\" data-e-type=\"widget\" data-widget_type=\"call-to-action.default\">\n\t\t\t\t\t\t\t<a class=\"elementor-cta\" href=\"https:\/\/ollestee.nl\/de\/abendessen\/\" title=\"Zur Seite &quot;Abendessen&quot; gehen\">\n\t\t\t\t\t<div class=\"elementor-cta__bg-wrapper\">\n\t\t\t\t<div class=\"elementor-cta__bg elementor-bg\" style=\"background-image: url(https:\/\/ollestee.nl\/wp-content\/uploads\/2022\/05\/Diner-bij-het-Olle-Stee.jpg);\" role=\"img\" aria-label=\"Abendessen in der Olle Stee\"><\/div>\n\t\t\t\t<div class=\"elementor-cta__bg-overlay\"><\/div>\n\t\t\t<\/div>\n\t\t\t\t\t\t\t<div class=\"elementor-cta__content\">\n\t\t\t\t\n\t\t\t\t\t\t\t\t\t<h3 class=\"elementor-cta__title elementor-cta__content-item elementor-content-item elementor-animated-item--move-up\">\n\t\t\t\t\t\tAbendessen\t\t\t\t\t<\/h3>\n\t\t\t\t\n\t\t\t\t\t\t\t\t\t<div class=\"elementor-cta__description elementor-cta__content-item elementor-content-item elementor-animated-item--move-up\">\n\t\t\t\t\t\tGut und g\u00fcnstig essen? Nun, bei Olle Stee!<br><\/br>\t\t\t\t\t<\/div>\n\t\t\t\t\n\t\t\t\t\t\t\t<\/div>\n\t\t\t\t\t\t<\/a>\n\t\t\t\t\t\t<\/div>\n\t\t\t\t<div class=\"elementor-element elementor-element-6811f39 elementor-cta--skin-cover elementor-cta--valign-bottom elementor-widget__width-initial elementor-widget-tablet__width-inherit elementor-animated-content elementor-widget elementor-widget-call-to-action\" data-id=\"6811f39\" data-element_type=\"widget\" data-e-type=\"widget\" data-widget_type=\"call-to-action.default\">\n\t\t\t\t\t\t\t<a class=\"elementor-cta\" href=\"https:\/\/ollestee.nl\/de\/getranke\/\" title=\"Zur Seite &quot;Getr\u00e4nke&quot; gehen\">\n\t\t\t\t\t<div class=\"elementor-cta__bg-wrapper\">\n\t\t\t\t<div class=\"elementor-cta__bg elementor-bg\" style=\"background-image: url(https:\/\/ollestee.nl\/wp-content\/uploads\/2022\/05\/Borrel-bij-de-olle-stee.jpg);\" role=\"img\" aria-label=\"Drinks in der Olle Stee\"><\/div>\n\t\t\t\t<div class=\"elementor-cta__bg-overlay\"><\/div>\n\t\t\t<\/div>\n\t\t\t\t\t\t\t<div class=\"elementor-cta__content\">\n\t\t\t\t\n\t\t\t\t\t\t\t\t\t<h3 class=\"elementor-cta__title elementor-cta__content-item elementor-content-item elementor-animated-item--move-up\">\n\t\t\t\t\t\tGetr\u00e4nke\t\t\t\t\t<\/h3>\n\t\t\t\t\n\t\t\t\t\t\t\t\t\t<div class=\"elementor-cta__description elementor-cta__content-item elementor-content-item elementor-animated-item--move-up\">\n\t\t\t\t\t\tGem\u00fctliche Drinks mit leckeren Getr\u00e4nken und reichhaltig gef\u00fcllten Getr\u00e4nketafeln. \t\t\t\t\t<\/div>\n\t\t\t\t\n\t\t\t\t\t\t\t<\/div>\n\t\t\t\t\t\t<\/a>\n\t\t\t\t\t\t<\/div>\n\t\t\t\t\t<\/div>\n\t\t\t\t<\/div>\n\t\t\t\t<\/div>","protected":false},"excerpt":{"rendered":"<p>Wenn Sie eine k\u00f6stliche Tasse Kaffee genie\u00dfen wollen, gehen Sie zu Olle Stee. Sie sind mit dem Fahrrad oder zu Fu\u00df in der Gegend unterwegs und suchen einen Kaffee in Zuidlaren? Dann g\u00f6nnen Sie sich eine wohlverdiente Pause in unserer Kaffeebar in Zuidlaren oder auf unserer Terrasse mit Blick auf den immer belebten Brink in Zuidlaren, w\u00e4hrend Sie eine k\u00f6stliche Tasse Kaffee mit einem St\u00fcck handwerklichen Geb\u00e4cks aus der B\u00e4ckerei genie\u00dfen.<\/p>","protected":false},"author":2,"featured_media":690,"parent":0,"menu_order":0,"comment_status":"closed","ping_status":"closed","template":"","meta":{"footnotes":""},"class_list":["post-863","page","type-page","status-publish","has-post-thumbnail","hentry"],"_links":{"self":[{"href":"https:\/\/ollestee.nl\/de\/wp-json\/wp\/v2\/pages\/863","targetHints":{"allow":["GET"]}}],"collection":[{"href":"https:\/\/ollestee.nl\/de\/wp-json\/wp\/v2\/pages"}],"about":[{"href":"https:\/\/ollestee.nl\/de\/wp-json\/wp\/v2\/types\/page"}],"author":[{"embeddable":true,"href":"https:\/\/ollestee.nl\/de\/wp-json\/wp\/v2\/users\/2"}],"replies":[{"embeddable":true,"href":"https:\/\/ollestee.nl\/de\/wp-json\/wp\/v2\/comments?post=863"}],"version-history":[{"count":48,"href":"https:\/\/ollestee.nl\/de\/wp-json\/wp\/v2\/pages\/863\/revisions"}],"predecessor-version":[{"id":3800,"href":"https:\/\/ollestee.nl\/de\/wp-json\/wp\/v2\/pages\/863\/revisions\/3800"}],"wp:featuredmedia":[{"embeddable":true,"href":"https:\/\/ollestee.nl\/de\/wp-json\/wp\/v2\/media\/690"}],"wp:attachment":[{"href":"https:\/\/ollestee.nl\/de\/wp-json\/wp\/v2\/media?parent=863"}],"curies":[{"name":"wp","href":"https:\/\/api.w.org\/{rel}","templated":true}]}}